{"id":2830,"date":"2020-04-24T15:37:18","date_gmt":"2020-04-24T15:37:18","guid":{"rendered":"https:\/\/www.nelijakk.ee\/?page_id=2830"},"modified":"2020-09-08T08:54:35","modified_gmt":"2020-09-08T08:54:35","slug":"meist","status":"publish","type":"page","link":"https:\/\/karinmolder.ee\/et\/meist\/","title":{"rendered":"Meist"},"content":{"rendered":"\t\t<div data-elementor-type=\"wp-page\" data-elementor-id=\"2830\" class=\"elementor elementor-2830 elementor-531\" data-elementor-post-type=\"page\">\n\t\t\t\t\t\t<section class=\"elementor-section elementor-top-section elementor-element elementor-element-6f09a85 elementor-section-full_width elementor-section-height-min-height elementor-section-height-default elementor-section-items-middle\" data-id=\"6f09a85\" data-element_type=\"section\" data-settings=\"{&quot;background_background&quot;:&quot;classic&quot;}\">\n\t\t\t\t\t\t\t<div class=\"elementor-background-overlay\"><\/div>\n\t\t\t\t\t\t\t<div class=\"elementor-container elementor-column-gap-default\">\n\t\t\t\t\t<div class=\"elementor-column elementor-col-100 elementor-top-column elementor-element elementor-element-b94b02e\" data-id=\"b94b02e\" data-element_type=\"column\">\n\t\t\t<div class=\"elementor-widget-wrap\">\n\t\t\t\t\t\t\t<\/div>\n\t\t<\/div>\n\t\t\t\t\t<\/div>\n\t\t<\/section>\n\t\t\t\t<section class=\"elementor-section elementor-top-section elementor-element elementor-element-02ed466 elementor-section-boxed elementor-section-height-default elementor-section-height-default\" data-id=\"02ed466\" data-element_type=\"section\">\n\t\t\t\t\t\t<div class=\"elementor-container elementor-column-gap-default\">\n\t\t\t\t\t<div class=\"elementor-column elementor-col-50 elementor-top-column elementor-element elementor-element-8cf5817\" data-id=\"8cf5817\" data-element_type=\"column\">\n\t\t\t<div class=\"elementor-widget-wrap elementor-element-populated\">\n\t\t\t\t\t\t<div class=\"elementor-element elementor-element-bfba95d elementor-widget elementor-widget-heading\" data-id=\"bfba95d\" data-element_type=\"widget\" data-widget_type=\"heading.default\">\n\t\t\t\t\t<h2 class=\"elementor-heading-title elementor-size-default\">MEIST<\/h2>\t\t\t\t<\/div>\n\t\t\t\t\t<\/div>\n\t\t<\/div>\n\t\t\t\t<div class=\"elementor-column elementor-col-50 elementor-top-column elementor-element elementor-element-1bb77b4\" data-id=\"1bb77b4\" data-element_type=\"column\">\n\t\t\t<div class=\"elementor-widget-wrap\">\n\t\t\t\t\t\t\t<\/div>\n\t\t<\/div>\n\t\t\t\t\t<\/div>\n\t\t<\/section>\n\t\t\t\t<section class=\"elementor-section elementor-top-section elementor-element elementor-element-ecb2abc elementor-section-boxed elementor-section-height-default elementor-section-height-default\" data-id=\"ecb2abc\" data-element_type=\"section\">\n\t\t\t\t\t\t<div class=\"elementor-container elementor-column-gap-default\">\n\t\t\t\t\t<div class=\"elementor-column elementor-col-100 elementor-top-column elementor-element elementor-element-dd068e6\" data-id=\"dd068e6\" data-element_type=\"column\">\n\t\t\t<div class=\"elementor-widget-wrap elementor-element-populated\">\n\t\t\t\t\t\t<div class=\"elementor-element elementor-element-585a7be elementor-widget elementor-widget-text-editor\" data-id=\"585a7be\" data-element_type=\"widget\" data-widget_type=\"text-editor.default\">\n\t\t\t\t\t\t\t\t\t<p>Pereettev\u00f5te Nelijakk on Eesti luksusbr\u00e4nd, mis pakub k\u00f5rgkvaliteetset\u00a0pr\u00eat \u00e0 porter Nelijaki enda kangastest. Stiili iseloomustab ajatu elegants ja kandmismugavus.<\/p><p>Nimi Nelijakk on antud juba 1804. aastal Balti-Saksa m\u00f5isniku poolt, mil perekond valmistas m\u00f5isnikule neli kvaliteetset pintsak-jakki m\u00e4rkimisv\u00e4\u00e4rse aja jooksul \u2013 t\u00f5eline Nelijakk perekonna omadus.<\/p><p>Nelijakid p\u00e4rinevad P\u00f5hja-Eestist, K\u00f5rkk\u00fclast, Soome lahe \u00e4\u00e4rest, \u00fcmbritsetud linap\u00f5ldudest ja merevaatest. Peretraditsiooniks on k\u00f5rgkvaliteediline r\u00e4tsepmeisterlikkus, oskus kasvatada ise algmaterjal, kududa \u00a0kangamaterjal ning valmistada kergeid \u00fcler\u00f5ivaid ja kodutekstiile r\u00e4tsepmeisterlikkuse tasandil. Villamaterjal pintsak-jakkide ja mantlite tarbeks imporditi Inglismaalt. Kogu r\u00e4tsepat\u00f6\u00f6 teostati perekonna siseselt, et tagada k\u00f5rgkvaliteediline tulemus. M\u00f5nikord pakuti m\u00f5isnikele r\u00e4tsepateenust ka kohapeal, mil hobusekaarikuga v\u00f5eti kaasa k\u00f5ik r\u00e4tsepat\u00f6\u00f6ks vajalik: \u00f5mblusmasin, triikraud, k\u00e4\u00e4rid, n\u00f5elad. Pereettev\u00f5te oli edukas. Klientuuriks on l\u00e4bi aegade olnud m\u00f5isnikud ja teised j\u00f5ukamad kogukonna liikmed. Nelijakk on aastal 1997 \u00a0taas-asutatud ettev\u00f5ttena ja ametliku kaubam\u00e4rgina registreeritud 2019. Tugev kuulumistunne Nelijakk rikkalikku r\u00e4tsepmeisterlikkuse p\u00e4randisse on t\u00e4nap\u00e4evase kuuenda ja seitsmenda p\u00f5lvkonna Nelijakk loojate edasiviivaks j\u00f5uks. Kogu Nelijakk tootmine on tehtud Euroopas.\u00a0<\/p>\t\t\t\t\t\t\t\t<\/div>\n\t\t\t\t\t<\/div>\n\t\t<\/div>\n\t\t\t\t\t<\/div>\n\t\t<\/section>\n\t\t\t\t<\/div>\n\t\t","protected":false},"excerpt":{"rendered":"<p>MEIST Pereettev\u00f5te Nelijakk on Eesti luksusbr\u00e4nd, mis pakub k\u00f5rgkvaliteetset&nbsp;pr\u00eat \u00e0 porter Nelijaki enda kangastest. Stiili iseloomustab ajatu elegants ja kandmismugavus. Nimi Nelijakk on antud juba 1804. aastal Balti-Saksa m\u00f5isniku poolt, mil perekond valmistas m\u00f5isnikule neli kvaliteetset pintsak-jakki m\u00e4rkimisv\u00e4\u00e4rse aja jooksul \u2013 t\u00f5eline Nelijakk perekonna omadus. Nelijakid p\u00e4rinevad P\u00f5hja-Eestist, K\u00f5rkk\u00fclast, Soome lahe \u00e4\u00e4rest, \u00fcmbritsetud linap\u00f5ldudest ja [&hellip;]<\/p>\n","protected":false},"author":2,"featured_media":0,"parent":0,"menu_order":0,"comment_status":"closed","ping_status":"closed","template":"","meta":{"inline_featured_image":false,"footnotes":""},"class_list":["post-2830","page","type-page","status-publish","hentry"],"yoast_head":"<!-- This site is optimized with the Yoast SEO plugin v25.3 - https:\/\/yoast.com\/wordpress\/plugins\/seo\/ -->\n<title>Meist - NELIJAKK<\/title>\n<meta name=\"robots\" content=\"index, follow, max-snippet:-1, max-image-preview:large, max-video-preview:-1\" \/>\n<link rel=\"canonical\" href=\"https:\/\/karinmolder.ee\/et\/meist\/\" \/>\n<meta property=\"og:locale\" content=\"et_EE\" \/>\n<meta property=\"og:type\" content=\"article\" \/>\n<meta property=\"og:title\" content=\"Meist - NELIJAKK\" \/>\n<meta property=\"og:description\" content=\"MEIST Pereettev\u00f5te Nelijakk on Eesti luksusbr\u00e4nd, mis pakub k\u00f5rgkvaliteetset&nbsp;pr\u00eat \u00e0 porter Nelijaki enda kangastest. Stiili iseloomustab ajatu elegants ja kandmismugavus. Nimi Nelijakk on antud juba 1804. aastal Balti-Saksa m\u00f5isniku poolt, mil perekond valmistas m\u00f5isnikule neli kvaliteetset pintsak-jakki m\u00e4rkimisv\u00e4\u00e4rse aja jooksul \u2013 t\u00f5eline Nelijakk perekonna omadus. Nelijakid p\u00e4rinevad P\u00f5hja-Eestist, K\u00f5rkk\u00fclast, Soome lahe \u00e4\u00e4rest, \u00fcmbritsetud linap\u00f5ldudest ja [&hellip;]\" \/>\n<meta property=\"og:url\" content=\"https:\/\/karinmolder.ee\/et\/meist\/\" \/>\n<meta property=\"og:site_name\" content=\"NELIJAKK\" \/>\n<meta property=\"article:modified_time\" content=\"2020-09-08T08:54:35+00:00\" \/>\n<meta name=\"twitter:card\" content=\"summary_large_image\" \/>\n<meta name=\"twitter:label1\" content=\"Est. reading time\" \/>\n\t<meta name=\"twitter:data1\" content=\"1 minut\" \/>\n<script type=\"application\/ld+json\" class=\"yoast-schema-graph\">{\"@context\":\"https:\/\/schema.org\",\"@graph\":[{\"@type\":\"WebPage\",\"@id\":\"https:\/\/karinmolder.ee\/et\/meist\/\",\"url\":\"https:\/\/karinmolder.ee\/et\/meist\/\",\"name\":\"Meist - NELIJAKK\",\"isPartOf\":{\"@id\":\"https:\/\/nelijakk.ee\/#website\"},\"datePublished\":\"2020-04-24T15:37:18+00:00\",\"dateModified\":\"2020-09-08T08:54:35+00:00\",\"breadcrumb\":{\"@id\":\"https:\/\/karinmolder.ee\/et\/meist\/#breadcrumb\"},\"inLanguage\":\"et\",\"potentialAction\":[{\"@type\":\"ReadAction\",\"target\":[\"https:\/\/karinmolder.ee\/et\/meist\/\"]}]},{\"@type\":\"BreadcrumbList\",\"@id\":\"https:\/\/karinmolder.ee\/et\/meist\/#breadcrumb\",\"itemListElement\":[{\"@type\":\"ListItem\",\"position\":1,\"name\":\"Home\",\"item\":\"https:\/\/nelijakk.ee\/et\/\"},{\"@type\":\"ListItem\",\"position\":2,\"name\":\"Meist\"}]},{\"@type\":\"WebSite\",\"@id\":\"https:\/\/nelijakk.ee\/#website\",\"url\":\"https:\/\/nelijakk.ee\/\",\"name\":\"NELIJAKK\",\"description\":\"\",\"potentialAction\":[{\"@type\":\"SearchAction\",\"target\":{\"@type\":\"EntryPoint\",\"urlTemplate\":\"https:\/\/nelijakk.ee\/?s={search_term_string}\"},\"query-input\":{\"@type\":\"PropertyValueSpecification\",\"valueRequired\":true,\"valueName\":\"search_term_string\"}}],\"inLanguage\":\"et\"}]}<\/script>\n<!-- \/ Yoast SEO plugin. -->","yoast_head_json":{"title":"Meist - NELIJAKK","robots":{"index":"index","follow":"follow","max-snippet":"max-snippet:-1","max-image-preview":"max-image-preview:large","max-video-preview":"max-video-preview:-1"},"canonical":"https:\/\/karinmolder.ee\/et\/meist\/","og_locale":"et_EE","og_type":"article","og_title":"Meist - NELIJAKK","og_description":"MEIST Pereettev\u00f5te Nelijakk on Eesti luksusbr\u00e4nd, mis pakub k\u00f5rgkvaliteetset&nbsp;pr\u00eat \u00e0 porter Nelijaki enda kangastest. Stiili iseloomustab ajatu elegants ja kandmismugavus. Nimi Nelijakk on antud juba 1804. aastal Balti-Saksa m\u00f5isniku poolt, mil perekond valmistas m\u00f5isnikule neli kvaliteetset pintsak-jakki m\u00e4rkimisv\u00e4\u00e4rse aja jooksul \u2013 t\u00f5eline Nelijakk perekonna omadus. Nelijakid p\u00e4rinevad P\u00f5hja-Eestist, K\u00f5rkk\u00fclast, Soome lahe \u00e4\u00e4rest, \u00fcmbritsetud linap\u00f5ldudest ja [&hellip;]","og_url":"https:\/\/karinmolder.ee\/et\/meist\/","og_site_name":"NELIJAKK","article_modified_time":"2020-09-08T08:54:35+00:00","twitter_card":"summary_large_image","twitter_misc":{"Est. reading time":"1 minut"},"schema":{"@context":"https:\/\/schema.org","@graph":[{"@type":"WebPage","@id":"https:\/\/karinmolder.ee\/et\/meist\/","url":"https:\/\/karinmolder.ee\/et\/meist\/","name":"Meist - NELIJAKK","isPartOf":{"@id":"https:\/\/nelijakk.ee\/#website"},"datePublished":"2020-04-24T15:37:18+00:00","dateModified":"2020-09-08T08:54:35+00:00","breadcrumb":{"@id":"https:\/\/karinmolder.ee\/et\/meist\/#breadcrumb"},"inLanguage":"et","potentialAction":[{"@type":"ReadAction","target":["https:\/\/karinmolder.ee\/et\/meist\/"]}]},{"@type":"BreadcrumbList","@id":"https:\/\/karinmolder.ee\/et\/meist\/#breadcrumb","itemListElement":[{"@type":"ListItem","position":1,"name":"Home","item":"https:\/\/nelijakk.ee\/et\/"},{"@type":"ListItem","position":2,"name":"Meist"}]},{"@type":"WebSite","@id":"https:\/\/nelijakk.ee\/#website","url":"https:\/\/nelijakk.ee\/","name":"NELIJAKK","description":"","potentialAction":[{"@type":"SearchAction","target":{"@type":"EntryPoint","urlTemplate":"https:\/\/nelijakk.ee\/?s={search_term_string}"},"query-input":{"@type":"PropertyValueSpecification","valueRequired":true,"valueName":"search_term_string"}}],"inLanguage":"et"}]}},"_links":{"self":[{"href":"https:\/\/karinmolder.ee\/et\/wp-json\/wp\/v2\/pages\/2830","targetHints":{"allow":["GET"]}}],"collection":[{"href":"https:\/\/karinmolder.ee\/et\/wp-json\/wp\/v2\/pages"}],"about":[{"href":"https:\/\/karinmolder.ee\/et\/wp-json\/wp\/v2\/types\/page"}],"author":[{"embeddable":true,"href":"https:\/\/karinmolder.ee\/et\/wp-json\/wp\/v2\/users\/2"}],"replies":[{"embeddable":true,"href":"https:\/\/karinmolder.ee\/et\/wp-json\/wp\/v2\/comments?post=2830"}],"version-history":[{"count":5,"href":"https:\/\/karinmolder.ee\/et\/wp-json\/wp\/v2\/pages\/2830\/revisions"}],"predecessor-version":[{"id":3366,"href":"https:\/\/karinmolder.ee\/et\/wp-json\/wp\/v2\/pages\/2830\/revisions\/3366"}],"wp:attachment":[{"href":"https:\/\/karinmolder.ee\/et\/wp-json\/wp\/v2\/media?parent=2830"}],"curies":[{"name":"wp","href":"https:\/\/api.w.org\/{rel}","templated":true}]}}