{"id":2900,"date":"2020-07-14T10:31:31","date_gmt":"2020-07-14T10:31:31","guid":{"rendered":"https:\/\/www.nelijakk.ee\/product\/sirene-honey-pot\/"},"modified":"2020-09-06T09:34:53","modified_gmt":"2020-09-06T09:34:53","slug":"sirene-honey-pot","status":"publish","type":"product","link":"https:\/\/karinmolder.ee\/et\/toode\/sirene-honey-pot\/","title":{"rendered":"Sir\u00e9ne. Meepott"},"content":{"rendered":"<p>Kompositsioon valmis viimase k\u00fcmne aasta jooksul \u2013 kompositsiooni n\u00e4gu oli valmis juba 10 aastat tagasi; olen kasutanud tiivamustrit juba viimased seitse aastat; meepott oli ahjuvaluks valmis kolm aastat tagasi; ning kui tekkis idee &#8220;Lindnais&#8221;, siis k\u00f5ik sobitus paika. Sir\u00e8ne, nagu Kreeka m\u00fctoloogias, oli valmis.<\/p>\n","protected":false},"excerpt":{"rendered":"<p>2019<br \/>Autor Karin M\u00f6lder<br \/>Unikaalne<\/p>\n<p>K\u00f5rgus 37cm. Diam 18cm.<\/p>\n<p>Materjal: klaas.<\/p>\n<p>V\u00f5ib kasutada luksusliku meepoti v\u00f5i suhkrutoosina.\u00a0<\/p>\n","protected":false},"featured_media":2904,"template":"","meta":{"inline_featured_image":false},"product_brand":[],"product_cat":[112],"product_tag":[],"class_list":{"0":"post-2900","1":"product","2":"type-product","3":"status-publish","4":"has-post-thumbnail","6":"product_cat-kunst-kodu","8":"first","9":"instock","10":"shipping-taxable","11":"product-type-simple"},"yoast_head":"<!-- This site is optimized with the Yoast SEO plugin v25.3 - https:\/\/yoast.com\/wordpress\/plugins\/seo\/ -->\n<title>Sir\u00e9ne. Meepott - NELIJAKK<\/title>\n<meta name=\"robots\" content=\"index, follow, max-snippet:-1, max-image-preview:large, max-video-preview:-1\" \/>\n<link rel=\"canonical\" href=\"https:\/\/karinmolder.ee\/et\/toode\/sirene-honey-pot\/\" \/>\n<meta property=\"og:locale\" content=\"et_EE\" \/>\n<meta property=\"og:type\" content=\"article\" \/>\n<meta property=\"og:title\" content=\"Sir\u00e9ne. Meepott - NELIJAKK\" \/>\n<meta property=\"og:description\" content=\"2019Autor Karin M\u00f6lderUnikaalne K\u00f5rgus 37cm. Diam 18cm. Materjal: klaas. V\u00f5ib kasutada luksusliku meepoti v\u00f5i suhkrutoosina.\u00a0\" \/>\n<meta property=\"og:url\" content=\"https:\/\/karinmolder.ee\/et\/toode\/sirene-honey-pot\/\" \/>\n<meta property=\"og:site_name\" content=\"NELIJAKK\" \/>\n<meta property=\"article:modified_time\" content=\"2020-09-06T09:34:53+00:00\" \/>\n<meta property=\"og:image\" content=\"https:\/\/nelijakk.ee\/wp-content\/uploads\/2020\/07\/SireneHoneyPot.jpg\" \/>\n\t<meta property=\"og:image:width\" content=\"1000\" \/>\n\t<meta property=\"og:image:height\" content=\"1400\" \/>\n\t<meta property=\"og:image:type\" content=\"image\/jpeg\" \/>\n<meta name=\"twitter:card\" content=\"summary_large_image\" \/>\n<script type=\"application\/ld+json\" class=\"yoast-schema-graph\">{\"@context\":\"https:\/\/schema.org\",\"@graph\":[{\"@type\":\"WebPage\",\"@id\":\"https:\/\/karinmolder.ee\/et\/toode\/sirene-honey-pot\/\",\"url\":\"https:\/\/karinmolder.ee\/et\/toode\/sirene-honey-pot\/\",\"name\":\"Sir\u00e9ne. Meepott - NELIJAKK\",\"isPartOf\":{\"@id\":\"https:\/\/nelijakk.ee\/#website\"},\"primaryImageOfPage\":{\"@id\":\"https:\/\/karinmolder.ee\/et\/toode\/sirene-honey-pot\/#primaryimage\"},\"image\":{\"@id\":\"https:\/\/karinmolder.ee\/et\/toode\/sirene-honey-pot\/#primaryimage\"},\"thumbnailUrl\":\"https:\/\/karinmolder.ee\/wp-content\/uploads\/2020\/07\/SireneHoneyPot.jpg\",\"datePublished\":\"2020-07-14T10:31:31+00:00\",\"dateModified\":\"2020-09-06T09:34:53+00:00\",\"breadcrumb\":{\"@id\":\"https:\/\/karinmolder.ee\/et\/toode\/sirene-honey-pot\/#breadcrumb\"},\"inLanguage\":\"et\",\"potentialAction\":[{\"@type\":\"ReadAction\",\"target\":[\"https:\/\/karinmolder.ee\/et\/toode\/sirene-honey-pot\/\"]}]},{\"@type\":\"ImageObject\",\"inLanguage\":\"et\",\"@id\":\"https:\/\/karinmolder.ee\/et\/toode\/sirene-honey-pot\/#primaryimage\",\"url\":\"https:\/\/karinmolder.ee\/wp-content\/uploads\/2020\/07\/SireneHoneyPot.jpg\",\"contentUrl\":\"https:\/\/karinmolder.ee\/wp-content\/uploads\/2020\/07\/SireneHoneyPot.jpg\",\"width\":1000,\"height\":1400,\"caption\":\"SireneHoneyPot\"},{\"@type\":\"BreadcrumbList\",\"@id\":\"https:\/\/karinmolder.ee\/et\/toode\/sirene-honey-pot\/#breadcrumb\",\"itemListElement\":[{\"@type\":\"ListItem\",\"position\":1,\"name\":\"Home\",\"item\":\"https:\/\/nelijakk.ee\/et\/\"},{\"@type\":\"ListItem\",\"position\":2,\"name\":\"Shop\",\"item\":\"https:\/\/nelijakk.ee\/shop\/\"},{\"@type\":\"ListItem\",\"position\":3,\"name\":\"Sir\u00e9ne. Meepott\"}]},{\"@type\":\"WebSite\",\"@id\":\"https:\/\/nelijakk.ee\/#website\",\"url\":\"https:\/\/nelijakk.ee\/\",\"name\":\"NELIJAKK\",\"description\":\"\",\"potentialAction\":[{\"@type\":\"SearchAction\",\"target\":{\"@type\":\"EntryPoint\",\"urlTemplate\":\"https:\/\/nelijakk.ee\/?s={search_term_string}\"},\"query-input\":{\"@type\":\"PropertyValueSpecification\",\"valueRequired\":true,\"valueName\":\"search_term_string\"}}],\"inLanguage\":\"et\"}]}<\/script>\n<!-- \/ Yoast SEO plugin. -->","yoast_head_json":{"title":"Sir\u00e9ne. Meepott - NELIJAKK","robots":{"index":"index","follow":"follow","max-snippet":"max-snippet:-1","max-image-preview":"max-image-preview:large","max-video-preview":"max-video-preview:-1"},"canonical":"https:\/\/karinmolder.ee\/et\/toode\/sirene-honey-pot\/","og_locale":"et_EE","og_type":"article","og_title":"Sir\u00e9ne. Meepott - NELIJAKK","og_description":"2019Autor Karin M\u00f6lderUnikaalne K\u00f5rgus 37cm. Diam 18cm. Materjal: klaas. V\u00f5ib kasutada luksusliku meepoti v\u00f5i suhkrutoosina.\u00a0","og_url":"https:\/\/karinmolder.ee\/et\/toode\/sirene-honey-pot\/","og_site_name":"NELIJAKK","article_modified_time":"2020-09-06T09:34:53+00:00","og_image":[{"width":1000,"height":1400,"url":"https:\/\/nelijakk.ee\/wp-content\/uploads\/2020\/07\/SireneHoneyPot.jpg","type":"image\/jpeg"}],"twitter_card":"summary_large_image","schema":{"@context":"https:\/\/schema.org","@graph":[{"@type":"WebPage","@id":"https:\/\/karinmolder.ee\/et\/toode\/sirene-honey-pot\/","url":"https:\/\/karinmolder.ee\/et\/toode\/sirene-honey-pot\/","name":"Sir\u00e9ne. Meepott - NELIJAKK","isPartOf":{"@id":"https:\/\/nelijakk.ee\/#website"},"primaryImageOfPage":{"@id":"https:\/\/karinmolder.ee\/et\/toode\/sirene-honey-pot\/#primaryimage"},"image":{"@id":"https:\/\/karinmolder.ee\/et\/toode\/sirene-honey-pot\/#primaryimage"},"thumbnailUrl":"https:\/\/karinmolder.ee\/wp-content\/uploads\/2020\/07\/SireneHoneyPot.jpg","datePublished":"2020-07-14T10:31:31+00:00","dateModified":"2020-09-06T09:34:53+00:00","breadcrumb":{"@id":"https:\/\/karinmolder.ee\/et\/toode\/sirene-honey-pot\/#breadcrumb"},"inLanguage":"et","potentialAction":[{"@type":"ReadAction","target":["https:\/\/karinmolder.ee\/et\/toode\/sirene-honey-pot\/"]}]},{"@type":"ImageObject","inLanguage":"et","@id":"https:\/\/karinmolder.ee\/et\/toode\/sirene-honey-pot\/#primaryimage","url":"https:\/\/karinmolder.ee\/wp-content\/uploads\/2020\/07\/SireneHoneyPot.jpg","contentUrl":"https:\/\/karinmolder.ee\/wp-content\/uploads\/2020\/07\/SireneHoneyPot.jpg","width":1000,"height":1400,"caption":"SireneHoneyPot"},{"@type":"BreadcrumbList","@id":"https:\/\/karinmolder.ee\/et\/toode\/sirene-honey-pot\/#breadcrumb","itemListElement":[{"@type":"ListItem","position":1,"name":"Home","item":"https:\/\/nelijakk.ee\/et\/"},{"@type":"ListItem","position":2,"name":"Shop","item":"https:\/\/nelijakk.ee\/shop\/"},{"@type":"ListItem","position":3,"name":"Sir\u00e9ne. Meepott"}]},{"@type":"WebSite","@id":"https:\/\/nelijakk.ee\/#website","url":"https:\/\/nelijakk.ee\/","name":"NELIJAKK","description":"","potentialAction":[{"@type":"SearchAction","target":{"@type":"EntryPoint","urlTemplate":"https:\/\/nelijakk.ee\/?s={search_term_string}"},"query-input":{"@type":"PropertyValueSpecification","valueRequired":true,"valueName":"search_term_string"}}],"inLanguage":"et"}]}},"_links":{"self":[{"href":"https:\/\/karinmolder.ee\/et\/wp-json\/wp\/v2\/product\/2900","targetHints":{"allow":["GET"]}}],"collection":[{"href":"https:\/\/karinmolder.ee\/et\/wp-json\/wp\/v2\/product"}],"about":[{"href":"https:\/\/karinmolder.ee\/et\/wp-json\/wp\/v2\/types\/product"}],"version-history":[{"count":2,"href":"https:\/\/karinmolder.ee\/et\/wp-json\/wp\/v2\/product\/2900\/revisions"}],"predecessor-version":[{"id":3221,"href":"https:\/\/karinmolder.ee\/et\/wp-json\/wp\/v2\/product\/2900\/revisions\/3221"}],"wp:featuredmedia":[{"embeddable":true,"href":"https:\/\/karinmolder.ee\/et\/wp-json\/wp\/v2\/media\/2904"}],"wp:attachment":[{"href":"https:\/\/karinmolder.ee\/et\/wp-json\/wp\/v2\/media?parent=2900"}],"wp:term":[{"taxonomy":"product_brand","embeddable":true,"href":"https:\/\/karinmolder.ee\/et\/wp-json\/wp\/v2\/product_brand?post=2900"},{"taxonomy":"product_cat","embeddable":true,"href":"https:\/\/karinmolder.ee\/et\/wp-json\/wp\/v2\/product_cat?post=2900"},{"taxonomy":"product_tag","embeddable":true,"href":"https:\/\/karinmolder.ee\/et\/wp-json\/wp\/v2\/product_tag?post=2900"}],"curies":[{"name":"wp","href":"https:\/\/api.w.org\/{rel}","templated":true}]}}