{"id":2917,"date":"2020-07-09T13:12:44","date_gmt":"2020-07-09T13:12:44","guid":{"rendered":"https:\/\/www.nelijakk.ee\/product\/gloves-classical-iyi\/"},"modified":"2020-09-06T08:42:29","modified_gmt":"2020-09-06T08:42:29","slug":"gloves-classical-iyi","status":"publish","type":"product","link":"https:\/\/karinmolder.ee\/et\/toode\/gloves-classical-iyi\/","title":{"rendered":"Kindad \u201cKlassikaline IYI\u201d"},"content":{"rendered":"<p>Nelijaki luksuslike aksessuaaride disain esindab Nelijakk pereettev\u00f5tte p\u00e4randi esteetilist ilu. K\u00f5ik aksessuaarid on viimistletud nii pealis- kui pahupoolelt ning valmistatud kasutades vaid naturaalseid materjale nagu Euroopa villal\u00f5ngad, nahk ja puhas h\u00f5be. H\u00f5bedetailid k\u00e4ekottidel, kinnastel ja v\u00f6\u00f6del on juvelleeri k\u00e4sit\u00f6\u00f6na valminud, muutes meie aksessuaarid kui investeeringuks ajatusse v\u00e4\u00e4rismetalli.\u00a0<\/p>\n<p>Palun arvestada, et meie toodete valmimine ja Sinuni j\u00f5udmine v\u00f5ib v\u00f5tta aega kuni kaks kuud. Toodet hakatakse valmistama alles p\u00e4rast tellimuse esitamist. Nelijakk p\u00fchendub vaid suurep\u00e4rase kvaliteedi pakkumisele.<\/p>\n<div>\n<p>&nbsp;<\/p>\n<\/div>\n<p class=\"p1\"><span class=\"s1\"><strong>V\u00e4rv:<\/strong>\u00a0toote v\u00e4rv s\u00f5ltub valitavast nahast.\u00a0<\/span><\/p>\n<p>&nbsp;<\/p>\n<p class=\"p1\"><span class=\"s1\"><strong>Materjal:<\/strong><\/span><\/p>\n<p class=\"p1\">Kindad: 100% lambanahk Itaaliast.<\/p>\n<p class=\"p1\">Talvevooder (Itaaliast): Ka\u0161miir 70%, Merino Vill 15%, Siid 15%<\/p>\n<p class=\"p1\">Kevad\/ s\u00fcgisvooder (Itaaaliast): Siid 100%<\/p>\n<p>H\u00f5bedetail: H\u00f5be 925<\/p>\n<p>&nbsp;<\/p>\n<p class=\"p1\"><strong>Hooldusjuhend:<\/strong><\/p>\n<p class=\"p1\">Tikandiga kinnaste puhul j\u00e4lgida, et tikand kuhugi kinni ei j\u00e4\u00e4ks ega seet\u00f5ttu katki ei l\u00e4heks!\u00a0<\/p>\n<p>&nbsp;<\/p>\n<p class=\"p3\"><span class=\"s1\"><strong>M\u00e4rkus Nelijakk h\u00f5bedetailide kohta:<\/strong><\/span><\/p>\n<p class=\"p3\"><span class=\"s1\">Palun arvestada, et h\u00f5be v\u00f5ib muuta aja jooksul tooni kuna h\u00f5be v\u00f5ib reageerida \u00f5huga.\u00a0<\/span><\/p>\n<p>&nbsp;<\/p>\n<p class=\"p1\"><strong>P\u00e4ritolu riigid:<\/strong><\/p>\n<p>Nahk: Itaalia<\/p>\n<p>Vooder: Itaalia<\/p>\n<p>\u00d5mblemine: Eesti<\/p>\n<p>H\u00f5bedetail: Eesti<\/p>\n<p>&nbsp;<\/p>\n<p class=\"p1\"><span class=\"s1\">Nelijakk<\/span><\/p>\n","protected":false},"excerpt":{"rendered":"<p>Nelijaki luksuslike aksessuaaride disain esindab Nelijakk pereettev\u00f5tte p\u00e4randi esteetilist ilu. K\u00f5ik aksessuaarid on viimistletud nii pealis- kui pahupoolelt ning valmistatud kasutades vaid naturaalseid materjale nagu Euroopa villal\u00f5ngad, nahk ja puhas h\u00f5be. H\u00f5bedetailid k\u00e4ekottidel, kinnastel ja v\u00f6\u00f6del on juvelleeri k\u00e4sit\u00f6\u00f6na valminud, muutes meie aksessuaarid kui investeeringuks ajatusse v\u00e4\u00e4rismetalli.\u00a0 Palun arvestada, et meie toodete valmimine ja Sinuni [&hellip;]<\/p>\n","protected":false},"featured_media":2922,"template":"","meta":{"inline_featured_image":false},"product_brand":[],"product_cat":[115],"product_tag":[],"class_list":{"0":"post-2917","1":"product","2":"type-product","3":"status-publish","4":"has-post-thumbnail","6":"product_cat-kindad","8":"first","9":"instock","10":"shipping-taxable","11":"purchasable","12":"product-type-variable"},"yoast_head":"<!-- This site is optimized with the Yoast SEO plugin v25.3 - https:\/\/yoast.com\/wordpress\/plugins\/seo\/ -->\n<title>Kindad \u201cKlassikaline IYI\u201d - NELIJAKK<\/title>\n<meta name=\"robots\" content=\"index, follow, max-snippet:-1, max-image-preview:large, max-video-preview:-1\" \/>\n<link rel=\"canonical\" href=\"https:\/\/karinmolder.ee\/et\/toode\/gloves-classical-iyi\/\" \/>\n<meta property=\"og:locale\" content=\"et_EE\" \/>\n<meta property=\"og:type\" content=\"article\" \/>\n<meta property=\"og:title\" content=\"Kindad \u201cKlassikaline IYI\u201d - NELIJAKK\" \/>\n<meta property=\"og:description\" content=\"Nelijaki luksuslike aksessuaaride disain esindab Nelijakk pereettev\u00f5tte p\u00e4randi esteetilist ilu. K\u00f5ik aksessuaarid on viimistletud nii pealis- kui pahupoolelt ning valmistatud kasutades vaid naturaalseid materjale nagu Euroopa villal\u00f5ngad, nahk ja puhas h\u00f5be. H\u00f5bedetailid k\u00e4ekottidel, kinnastel ja v\u00f6\u00f6del on juvelleeri k\u00e4sit\u00f6\u00f6na valminud, muutes meie aksessuaarid kui investeeringuks ajatusse v\u00e4\u00e4rismetalli.\u00a0 Palun arvestada, et meie toodete valmimine ja Sinuni [&hellip;]\" \/>\n<meta property=\"og:url\" content=\"https:\/\/karinmolder.ee\/et\/toode\/gloves-classical-iyi\/\" \/>\n<meta property=\"og:site_name\" content=\"NELIJAKK\" \/>\n<meta property=\"article:modified_time\" content=\"2020-09-06T08:42:29+00:00\" \/>\n<meta property=\"og:image\" content=\"https:\/\/nelijakk.ee\/wp-content\/uploads\/2020\/07\/KinnasTume.jpg\" \/>\n\t<meta property=\"og:image:width\" content=\"1000\" \/>\n\t<meta property=\"og:image:height\" content=\"1130\" \/>\n\t<meta property=\"og:image:type\" content=\"image\/jpeg\" \/>\n<meta name=\"twitter:card\" content=\"summary_large_image\" \/>\n<meta name=\"twitter:label1\" content=\"Est. reading time\" \/>\n\t<meta name=\"twitter:data1\" content=\"1 minut\" \/>\n<script type=\"application\/ld+json\" class=\"yoast-schema-graph\">{\"@context\":\"https:\/\/schema.org\",\"@graph\":[{\"@type\":\"WebPage\",\"@id\":\"https:\/\/karinmolder.ee\/et\/toode\/gloves-classical-iyi\/\",\"url\":\"https:\/\/karinmolder.ee\/et\/toode\/gloves-classical-iyi\/\",\"name\":\"Kindad \u201cKlassikaline IYI\u201d - NELIJAKK\",\"isPartOf\":{\"@id\":\"https:\/\/nelijakk.ee\/#website\"},\"primaryImageOfPage\":{\"@id\":\"https:\/\/karinmolder.ee\/et\/toode\/gloves-classical-iyi\/#primaryimage\"},\"image\":{\"@id\":\"https:\/\/karinmolder.ee\/et\/toode\/gloves-classical-iyi\/#primaryimage\"},\"thumbnailUrl\":\"https:\/\/karinmolder.ee\/wp-content\/uploads\/2020\/07\/KinnasTume.jpg\",\"datePublished\":\"2020-07-09T13:12:44+00:00\",\"dateModified\":\"2020-09-06T08:42:29+00:00\",\"breadcrumb\":{\"@id\":\"https:\/\/karinmolder.ee\/et\/toode\/gloves-classical-iyi\/#breadcrumb\"},\"inLanguage\":\"et\",\"potentialAction\":[{\"@type\":\"ReadAction\",\"target\":[\"https:\/\/karinmolder.ee\/et\/toode\/gloves-classical-iyi\/\"]}]},{\"@type\":\"ImageObject\",\"inLanguage\":\"et\",\"@id\":\"https:\/\/karinmolder.ee\/et\/toode\/gloves-classical-iyi\/#primaryimage\",\"url\":\"https:\/\/karinmolder.ee\/wp-content\/uploads\/2020\/07\/KinnasTume.jpg\",\"contentUrl\":\"https:\/\/karinmolder.ee\/wp-content\/uploads\/2020\/07\/KinnasTume.jpg\",\"width\":1000,\"height\":1130,\"caption\":\"KinnasTume\"},{\"@type\":\"BreadcrumbList\",\"@id\":\"https:\/\/karinmolder.ee\/et\/toode\/gloves-classical-iyi\/#breadcrumb\",\"itemListElement\":[{\"@type\":\"ListItem\",\"position\":1,\"name\":\"Home\",\"item\":\"https:\/\/nelijakk.ee\/et\/\"},{\"@type\":\"ListItem\",\"position\":2,\"name\":\"Shop\",\"item\":\"https:\/\/nelijakk.ee\/shop\/\"},{\"@type\":\"ListItem\",\"position\":3,\"name\":\"Kindad \u201cKlassikaline IYI\u201d\"}]},{\"@type\":\"WebSite\",\"@id\":\"https:\/\/nelijakk.ee\/#website\",\"url\":\"https:\/\/nelijakk.ee\/\",\"name\":\"NELIJAKK\",\"description\":\"\",\"potentialAction\":[{\"@type\":\"SearchAction\",\"target\":{\"@type\":\"EntryPoint\",\"urlTemplate\":\"https:\/\/nelijakk.ee\/?s={search_term_string}\"},\"query-input\":{\"@type\":\"PropertyValueSpecification\",\"valueRequired\":true,\"valueName\":\"search_term_string\"}}],\"inLanguage\":\"et\"}]}<\/script>\n<!-- \/ Yoast SEO plugin. -->","yoast_head_json":{"title":"Kindad \u201cKlassikaline IYI\u201d - NELIJAKK","robots":{"index":"index","follow":"follow","max-snippet":"max-snippet:-1","max-image-preview":"max-image-preview:large","max-video-preview":"max-video-preview:-1"},"canonical":"https:\/\/karinmolder.ee\/et\/toode\/gloves-classical-iyi\/","og_locale":"et_EE","og_type":"article","og_title":"Kindad \u201cKlassikaline IYI\u201d - NELIJAKK","og_description":"Nelijaki luksuslike aksessuaaride disain esindab Nelijakk pereettev\u00f5tte p\u00e4randi esteetilist ilu. K\u00f5ik aksessuaarid on viimistletud nii pealis- kui pahupoolelt ning valmistatud kasutades vaid naturaalseid materjale nagu Euroopa villal\u00f5ngad, nahk ja puhas h\u00f5be. H\u00f5bedetailid k\u00e4ekottidel, kinnastel ja v\u00f6\u00f6del on juvelleeri k\u00e4sit\u00f6\u00f6na valminud, muutes meie aksessuaarid kui investeeringuks ajatusse v\u00e4\u00e4rismetalli.\u00a0 Palun arvestada, et meie toodete valmimine ja Sinuni [&hellip;]","og_url":"https:\/\/karinmolder.ee\/et\/toode\/gloves-classical-iyi\/","og_site_name":"NELIJAKK","article_modified_time":"2020-09-06T08:42:29+00:00","og_image":[{"width":1000,"height":1130,"url":"https:\/\/nelijakk.ee\/wp-content\/uploads\/2020\/07\/KinnasTume.jpg","type":"image\/jpeg"}],"twitter_card":"summary_large_image","twitter_misc":{"Est. reading time":"1 minut"},"schema":{"@context":"https:\/\/schema.org","@graph":[{"@type":"WebPage","@id":"https:\/\/karinmolder.ee\/et\/toode\/gloves-classical-iyi\/","url":"https:\/\/karinmolder.ee\/et\/toode\/gloves-classical-iyi\/","name":"Kindad \u201cKlassikaline IYI\u201d - NELIJAKK","isPartOf":{"@id":"https:\/\/nelijakk.ee\/#website"},"primaryImageOfPage":{"@id":"https:\/\/karinmolder.ee\/et\/toode\/gloves-classical-iyi\/#primaryimage"},"image":{"@id":"https:\/\/karinmolder.ee\/et\/toode\/gloves-classical-iyi\/#primaryimage"},"thumbnailUrl":"https:\/\/karinmolder.ee\/wp-content\/uploads\/2020\/07\/KinnasTume.jpg","datePublished":"2020-07-09T13:12:44+00:00","dateModified":"2020-09-06T08:42:29+00:00","breadcrumb":{"@id":"https:\/\/karinmolder.ee\/et\/toode\/gloves-classical-iyi\/#breadcrumb"},"inLanguage":"et","potentialAction":[{"@type":"ReadAction","target":["https:\/\/karinmolder.ee\/et\/toode\/gloves-classical-iyi\/"]}]},{"@type":"ImageObject","inLanguage":"et","@id":"https:\/\/karinmolder.ee\/et\/toode\/gloves-classical-iyi\/#primaryimage","url":"https:\/\/karinmolder.ee\/wp-content\/uploads\/2020\/07\/KinnasTume.jpg","contentUrl":"https:\/\/karinmolder.ee\/wp-content\/uploads\/2020\/07\/KinnasTume.jpg","width":1000,"height":1130,"caption":"KinnasTume"},{"@type":"BreadcrumbList","@id":"https:\/\/karinmolder.ee\/et\/toode\/gloves-classical-iyi\/#breadcrumb","itemListElement":[{"@type":"ListItem","position":1,"name":"Home","item":"https:\/\/nelijakk.ee\/et\/"},{"@type":"ListItem","position":2,"name":"Shop","item":"https:\/\/nelijakk.ee\/shop\/"},{"@type":"ListItem","position":3,"name":"Kindad \u201cKlassikaline IYI\u201d"}]},{"@type":"WebSite","@id":"https:\/\/nelijakk.ee\/#website","url":"https:\/\/nelijakk.ee\/","name":"NELIJAKK","description":"","potentialAction":[{"@type":"SearchAction","target":{"@type":"EntryPoint","urlTemplate":"https:\/\/nelijakk.ee\/?s={search_term_string}"},"query-input":{"@type":"PropertyValueSpecification","valueRequired":true,"valueName":"search_term_string"}}],"inLanguage":"et"}]}},"_links":{"self":[{"href":"https:\/\/karinmolder.ee\/et\/wp-json\/wp\/v2\/product\/2917","targetHints":{"allow":["GET"]}}],"collection":[{"href":"https:\/\/karinmolder.ee\/et\/wp-json\/wp\/v2\/product"}],"about":[{"href":"https:\/\/karinmolder.ee\/et\/wp-json\/wp\/v2\/types\/product"}],"version-history":[{"count":2,"href":"https:\/\/karinmolder.ee\/et\/wp-json\/wp\/v2\/product\/2917\/revisions"}],"predecessor-version":[{"id":3201,"href":"https:\/\/karinmolder.ee\/et\/wp-json\/wp\/v2\/product\/2917\/revisions\/3201"}],"wp:featuredmedia":[{"embeddable":true,"href":"https:\/\/karinmolder.ee\/et\/wp-json\/wp\/v2\/media\/2922"}],"wp:attachment":[{"href":"https:\/\/karinmolder.ee\/et\/wp-json\/wp\/v2\/media?parent=2917"}],"wp:term":[{"taxonomy":"product_brand","embeddable":true,"href":"https:\/\/karinmolder.ee\/et\/wp-json\/wp\/v2\/product_brand?post=2917"},{"taxonomy":"product_cat","embeddable":true,"href":"https:\/\/karinmolder.ee\/et\/wp-json\/wp\/v2\/product_cat?post=2917"},{"taxonomy":"product_tag","embeddable":true,"href":"https:\/\/karinmolder.ee\/et\/wp-json\/wp\/v2\/product_tag?post=2917"}],"curies":[{"name":"wp","href":"https:\/\/api.w.org\/{rel}","templated":true}]}}