{"id":3025,"date":"2020-07-09T11:03:50","date_gmt":"2020-07-09T11:03:50","guid":{"rendered":"https:\/\/www.nelijakk.ee\/product\/coat-classical-range-knee-lenght\/"},"modified":"2020-09-06T09:11:46","modified_gmt":"2020-09-06T09:11:46","slug":"coat-classical-range-knee-lenght","status":"publish","type":"product","link":"https:\/\/karinmolder.ee\/et\/toode\/coat-classical-range-knee-lenght\/","title":{"rendered":"Mantel \u201cKlassikaline Range\u201d Poolpikk"},"content":{"rendered":"<div>\n<div>Palun arvestada, et toodete valmimine ja Sinuni j\u00f5udmine v\u00f5ib v\u00f5tta aega kuni kaks kuud. Toodet hakatakse valmistama alles p\u00e4rast tellimuse esitamist. L\u00f5nga, millest koome Soomes unikaalse kanga, on maailmas v\u00e4he ja selle saamine v\u00f5ib v\u00f5tta aega. Nelijakk p\u00fchendub vaid suurep\u00e4rase kvaliteedi pakkumisele, luues igat toodet erilise hoolega. \u00a0<\/div>\n<div>\u00a0<\/div>\n<div>Kangad koosnevad hoolikalt valitud k\u00f5rgekvaliteetsetest l\u00f5ngadest nagu Baby Camel, Camel Suri, Baby Yak, Extrafine Merino Wool, Wensleydale Wool ja teised, mis p\u00e4rinevad Itaaliast, Inglismaalt ja m\u00f5ned Eesti kohalikest farmidest, tagades l\u00f5ngade eetilise tootmise, j\u00e4tkusuutlikuse ja kvaliteediomadused. \u00dchtki kemikaali ei ole kanga tootmisel kasutatud.\u00a0<\/div>\n<p>Iga l\u00f5ng on hoolikalt valitud, et tagada materjali pehmus ja siidine tunne, k\u00f5rvaldades materjali v\u00f5imaliku s\u00fcgeleva tunde. K\u00f5ik l\u00f5ngad on \u00f6koloogiliselt k\u00e4sitletud ilma keemiliste lisanditeta. Vooder on 100% viskoosist tagades m\u00f5nusalt siidise tunde.\u00a0<\/p>\n<p>&nbsp;<\/p>\n<p class=\"p1\"><strong>V\u00e4rv:<\/strong>\u00a0toote v\u00e4rv s\u00f5ltub valitavast l\u00f5ngast.\u00a0<\/p>\n<p>&nbsp;<\/p>\n<p><strong>Materjal<\/strong>:<\/p>\n<p>Kangas: 100% Europa villa l\u00f5ng (vaata erinevate kangaste koostisi)<\/p>\n<p>Vooder: 100% Viskoos<\/p>\n<p>H\u00f5bedetail: H\u00f5be 925<\/p>\n<p>&nbsp;<\/p>\n<p><strong>Hooldusjuhised:<\/strong><\/p>\n<p>Tulenevalt villa naturaalsest omadusest v\u00f5ib h\u00f5\u00f5rdumisel eralduda villa kiudusid. Toote eest saab hoolitseda kasutades spetsiaalset kiu eemaldajat.\u00a0<\/p>\n<p>Hoia kangast (millessegi) takerdumise eest!<\/p>\n<p>Ainult keemiline puhastus.\u00a0<\/p>\n<p>Mitte valgendada.\u00a0<\/p>\n<p>Mitte hoiustada p\u00e4ikesevalguse k\u00e4es.\u00a0<\/p>\n<p>&nbsp;<\/p>\n<p><strong>M\u00e4rkus Nelijakk h\u00f5bedetailide kohta:<\/strong><\/p>\n<p>Palun arvestada, et h\u00f5be v\u00f5ib muuta aja jooksul tooni kuna h\u00f5be v\u00f5ib reageerida \u00f5huga.\u00a0<\/p>\n<p>&nbsp;<\/p>\n<p><strong>P\u00e4ritolu riigid:<\/strong><\/p>\n<p>L\u00f5ngad: Itaalia, Inglismaa, Austria, Eesti<\/p>\n<p>Vooder: Inglismaa<\/p>\n<p>Kangaste disain: Nelijakk<\/p>\n<p>Kudumine: Soome<\/p>\n<p>\u00d5mblemine: Eesti<\/p>\n<p>H\u00f5bedetail: Eesti<\/p>\n<\/div>\n<div>\u00a0<\/div>\n<div>Nelijakk<\/div>\n<br>Suuruste tabel:<table class=\"size_table\"><tbody><tr><td>Suuruste<\/td><td>EU<\/td><td>UK<\/td><td>US<\/td><td>Jaapan<\/td><td>BUST<\/td><td>WAIST<\/td><td>HIPS<\/td><\/tr><tr><td>XS<\/td><td>32<\/td><td>4<\/td><td>2<\/td><td>7<\/td><td><\/td><td><\/td><td><\/td><\/tr><tr><td>S<\/td><td>34-36<\/td><td>6-8<\/td><td>4-6<\/td><td>9-11<\/td><td>31\/34\u2019\u2019-79\/86cm<\/td><td>23\/26\u2019\u2019-58\/66cm<\/td><td>33\/34\u2019\u2019-84\/91cm<\/td><\/tr><tr><td>M<\/td><td>38<\/td><td>10-12<\/td><td>8<\/td><td>13<\/td><td>35\/36\u2019\u2019- 89\/91cm<\/td><td>27\/28\u2019\u2019-69\/71cm<\/td><td>37\/38\u2019\u2019-94\/96cm<\/td><\/tr><tr><td>L<\/td><td>40-42<\/td><td>14-16<\/td><td>10-12<\/td><td>15-17<\/td><td>37\u2019\u2019\/40\u2019\u2019-94\/101cm<\/td><td>29\/32\u2019\u2019-74\/81cm<\/td><td>39\/44\u2019\u2019-99\/111cm<\/td><\/tr><tr><td>XL<\/td><td>44-46<\/td><td>18-20<\/td><td>14-16<\/td><td>19-21<\/td><td>41\/42\u2019\u2019-104-106cm<\/td><td>33\/34\u2019\u2019-89\/91cm<\/td><td>41\/42\u2019\u2019-104\/106cm<\/td><\/tr><\/tbody><\/table>\n","protected":false},"excerpt":{"rendered":"<p>Fotol: Gotland Grey Baby Whitehead Wool<\/p>\n","protected":false},"featured_media":3032,"template":"","meta":{"inline_featured_image":false},"product_brand":[],"product_cat":[158],"product_tag":[],"class_list":{"0":"post-3025","1":"product","2":"type-product","3":"status-publish","4":"has-post-thumbnail","6":"product_cat-mood","8":"first","9":"instock","10":"shipping-taxable","11":"purchasable","12":"product-type-variable","13":"has-default-attributes"},"yoast_head":"<!-- This site is optimized with the Yoast SEO plugin v25.3 - https:\/\/yoast.com\/wordpress\/plugins\/seo\/ -->\n<title>Mantel \u201cKlassikaline Range\u201d Poolpikk - NELIJAKK<\/title>\n<meta name=\"robots\" content=\"index, follow, max-snippet:-1, max-image-preview:large, max-video-preview:-1\" \/>\n<link rel=\"canonical\" href=\"https:\/\/karinmolder.ee\/et\/toode\/coat-classical-range-knee-lenght\/\" \/>\n<meta property=\"og:locale\" content=\"et_EE\" \/>\n<meta property=\"og:type\" content=\"article\" \/>\n<meta property=\"og:title\" content=\"Mantel \u201cKlassikaline Range\u201d Poolpikk - NELIJAKK\" \/>\n<meta property=\"og:description\" content=\"Fotol: Gotland Grey Baby Whitehead Wool\" \/>\n<meta property=\"og:url\" content=\"https:\/\/karinmolder.ee\/et\/toode\/coat-classical-range-knee-lenght\/\" \/>\n<meta property=\"og:site_name\" content=\"NELIJAKK\" \/>\n<meta property=\"article:modified_time\" content=\"2020-09-06T09:11:46+00:00\" \/>\n<meta property=\"og:image\" content=\"https:\/\/nelijakk.ee\/wp-content\/uploads\/2020\/07\/fashion2.4.jpg\" \/>\n\t<meta property=\"og:image:width\" content=\"1000\" \/>\n\t<meta property=\"og:image:height\" content=\"1130\" \/>\n\t<meta property=\"og:image:type\" content=\"image\/jpeg\" \/>\n<meta name=\"twitter:card\" content=\"summary_large_image\" \/>\n<meta name=\"twitter:label1\" content=\"Est. reading time\" \/>\n\t<meta name=\"twitter:data1\" content=\"1 minut\" \/>\n<script type=\"application\/ld+json\" class=\"yoast-schema-graph\">{\"@context\":\"https:\/\/schema.org\",\"@graph\":[{\"@type\":\"WebPage\",\"@id\":\"https:\/\/karinmolder.ee\/et\/toode\/coat-classical-range-knee-lenght\/\",\"url\":\"https:\/\/karinmolder.ee\/et\/toode\/coat-classical-range-knee-lenght\/\",\"name\":\"Mantel \u201cKlassikaline Range\u201d Poolpikk - NELIJAKK\",\"isPartOf\":{\"@id\":\"https:\/\/nelijakk.ee\/#website\"},\"primaryImageOfPage\":{\"@id\":\"https:\/\/karinmolder.ee\/et\/toode\/coat-classical-range-knee-lenght\/#primaryimage\"},\"image\":{\"@id\":\"https:\/\/karinmolder.ee\/et\/toode\/coat-classical-range-knee-lenght\/#primaryimage\"},\"thumbnailUrl\":\"https:\/\/karinmolder.ee\/wp-content\/uploads\/2020\/07\/fashion2.4.jpg\",\"datePublished\":\"2020-07-09T11:03:50+00:00\",\"dateModified\":\"2020-09-06T09:11:46+00:00\",\"breadcrumb\":{\"@id\":\"https:\/\/karinmolder.ee\/et\/toode\/coat-classical-range-knee-lenght\/#breadcrumb\"},\"inLanguage\":\"et\",\"potentialAction\":[{\"@type\":\"ReadAction\",\"target\":[\"https:\/\/karinmolder.ee\/et\/toode\/coat-classical-range-knee-lenght\/\"]}]},{\"@type\":\"ImageObject\",\"inLanguage\":\"et\",\"@id\":\"https:\/\/karinmolder.ee\/et\/toode\/coat-classical-range-knee-lenght\/#primaryimage\",\"url\":\"https:\/\/karinmolder.ee\/wp-content\/uploads\/2020\/07\/fashion2.4.jpg\",\"contentUrl\":\"https:\/\/karinmolder.ee\/wp-content\/uploads\/2020\/07\/fashion2.4.jpg\",\"width\":1000,\"height\":1130,\"caption\":\"fashion2.4\"},{\"@type\":\"BreadcrumbList\",\"@id\":\"https:\/\/karinmolder.ee\/et\/toode\/coat-classical-range-knee-lenght\/#breadcrumb\",\"itemListElement\":[{\"@type\":\"ListItem\",\"position\":1,\"name\":\"Home\",\"item\":\"https:\/\/nelijakk.ee\/et\/\"},{\"@type\":\"ListItem\",\"position\":2,\"name\":\"Shop\",\"item\":\"https:\/\/nelijakk.ee\/shop\/\"},{\"@type\":\"ListItem\",\"position\":3,\"name\":\"Mantel \u201cKlassikaline Range\u201d Poolpikk\"}]},{\"@type\":\"WebSite\",\"@id\":\"https:\/\/nelijakk.ee\/#website\",\"url\":\"https:\/\/nelijakk.ee\/\",\"name\":\"NELIJAKK\",\"description\":\"\",\"potentialAction\":[{\"@type\":\"SearchAction\",\"target\":{\"@type\":\"EntryPoint\",\"urlTemplate\":\"https:\/\/nelijakk.ee\/?s={search_term_string}\"},\"query-input\":{\"@type\":\"PropertyValueSpecification\",\"valueRequired\":true,\"valueName\":\"search_term_string\"}}],\"inLanguage\":\"et\"}]}<\/script>\n<!-- \/ Yoast SEO plugin. -->","yoast_head_json":{"title":"Mantel \u201cKlassikaline Range\u201d Poolpikk - NELIJAKK","robots":{"index":"index","follow":"follow","max-snippet":"max-snippet:-1","max-image-preview":"max-image-preview:large","max-video-preview":"max-video-preview:-1"},"canonical":"https:\/\/karinmolder.ee\/et\/toode\/coat-classical-range-knee-lenght\/","og_locale":"et_EE","og_type":"article","og_title":"Mantel \u201cKlassikaline Range\u201d Poolpikk - NELIJAKK","og_description":"Fotol: Gotland Grey Baby Whitehead Wool","og_url":"https:\/\/karinmolder.ee\/et\/toode\/coat-classical-range-knee-lenght\/","og_site_name":"NELIJAKK","article_modified_time":"2020-09-06T09:11:46+00:00","og_image":[{"width":1000,"height":1130,"url":"https:\/\/nelijakk.ee\/wp-content\/uploads\/2020\/07\/fashion2.4.jpg","type":"image\/jpeg"}],"twitter_card":"summary_large_image","twitter_misc":{"Est. reading time":"1 minut"},"schema":{"@context":"https:\/\/schema.org","@graph":[{"@type":"WebPage","@id":"https:\/\/karinmolder.ee\/et\/toode\/coat-classical-range-knee-lenght\/","url":"https:\/\/karinmolder.ee\/et\/toode\/coat-classical-range-knee-lenght\/","name":"Mantel \u201cKlassikaline Range\u201d Poolpikk - NELIJAKK","isPartOf":{"@id":"https:\/\/nelijakk.ee\/#website"},"primaryImageOfPage":{"@id":"https:\/\/karinmolder.ee\/et\/toode\/coat-classical-range-knee-lenght\/#primaryimage"},"image":{"@id":"https:\/\/karinmolder.ee\/et\/toode\/coat-classical-range-knee-lenght\/#primaryimage"},"thumbnailUrl":"https:\/\/karinmolder.ee\/wp-content\/uploads\/2020\/07\/fashion2.4.jpg","datePublished":"2020-07-09T11:03:50+00:00","dateModified":"2020-09-06T09:11:46+00:00","breadcrumb":{"@id":"https:\/\/karinmolder.ee\/et\/toode\/coat-classical-range-knee-lenght\/#breadcrumb"},"inLanguage":"et","potentialAction":[{"@type":"ReadAction","target":["https:\/\/karinmolder.ee\/et\/toode\/coat-classical-range-knee-lenght\/"]}]},{"@type":"ImageObject","inLanguage":"et","@id":"https:\/\/karinmolder.ee\/et\/toode\/coat-classical-range-knee-lenght\/#primaryimage","url":"https:\/\/karinmolder.ee\/wp-content\/uploads\/2020\/07\/fashion2.4.jpg","contentUrl":"https:\/\/karinmolder.ee\/wp-content\/uploads\/2020\/07\/fashion2.4.jpg","width":1000,"height":1130,"caption":"fashion2.4"},{"@type":"BreadcrumbList","@id":"https:\/\/karinmolder.ee\/et\/toode\/coat-classical-range-knee-lenght\/#breadcrumb","itemListElement":[{"@type":"ListItem","position":1,"name":"Home","item":"https:\/\/nelijakk.ee\/et\/"},{"@type":"ListItem","position":2,"name":"Shop","item":"https:\/\/nelijakk.ee\/shop\/"},{"@type":"ListItem","position":3,"name":"Mantel \u201cKlassikaline Range\u201d Poolpikk"}]},{"@type":"WebSite","@id":"https:\/\/nelijakk.ee\/#website","url":"https:\/\/nelijakk.ee\/","name":"NELIJAKK","description":"","potentialAction":[{"@type":"SearchAction","target":{"@type":"EntryPoint","urlTemplate":"https:\/\/nelijakk.ee\/?s={search_term_string}"},"query-input":{"@type":"PropertyValueSpecification","valueRequired":true,"valueName":"search_term_string"}}],"inLanguage":"et"}]}},"_links":{"self":[{"href":"https:\/\/karinmolder.ee\/et\/wp-json\/wp\/v2\/product\/3025","targetHints":{"allow":["GET"]}}],"collection":[{"href":"https:\/\/karinmolder.ee\/et\/wp-json\/wp\/v2\/product"}],"about":[{"href":"https:\/\/karinmolder.ee\/et\/wp-json\/wp\/v2\/types\/product"}],"version-history":[{"count":3,"href":"https:\/\/karinmolder.ee\/et\/wp-json\/wp\/v2\/product\/3025\/revisions"}],"predecessor-version":[{"id":3212,"href":"https:\/\/karinmolder.ee\/et\/wp-json\/wp\/v2\/product\/3025\/revisions\/3212"}],"wp:featuredmedia":[{"embeddable":true,"href":"https:\/\/karinmolder.ee\/et\/wp-json\/wp\/v2\/media\/3032"}],"wp:attachment":[{"href":"https:\/\/karinmolder.ee\/et\/wp-json\/wp\/v2\/media?parent=3025"}],"wp:term":[{"taxonomy":"product_brand","embeddable":true,"href":"https:\/\/karinmolder.ee\/et\/wp-json\/wp\/v2\/product_brand?post=3025"},{"taxonomy":"product_cat","embeddable":true,"href":"https:\/\/karinmolder.ee\/et\/wp-json\/wp\/v2\/product_cat?post=3025"},{"taxonomy":"product_tag","embeddable":true,"href":"https:\/\/karinmolder.ee\/et\/wp-json\/wp\/v2\/product_tag?post=3025"}],"curies":[{"name":"wp","href":"https:\/\/api.w.org\/{rel}","templated":true}]}}